{"id":750,"date":"2020-11-13T17:18:00","date_gmt":"2020-11-13T20:18:00","guid":{"rendered":"https:\/\/tvovo.org\/portal\/sobrado\/?page_id=750"},"modified":"2021-10-22T17:24:18","modified_gmt":"2021-10-22T20:24:18","slug":"cultura","status":"publish","type":"page","link":"https:\/\/tvovo.org\/portal\/sobrado\/cultura\/","title":{"rendered":"Cultura"},"content":{"rendered":"\t\t<div data-elementor-type=\"wp-page\" data-elementor-id=\"750\" class=\"elementor elementor-750\" data-elementor-post-type=\"page\">\n\t\t\t\t\t\t<section class=\"elementor-section elementor-top-section elementor-element elementor-element-64b73e4 elementor-section-full_width elementor-section-height-min-height elementor-section-height-default elementor-section-items-middle\" data-id=\"64b73e4\" data-element_type=\"section\" data-e-type=\"section\" data-settings=\"{&quot;background_background&quot;:&quot;slideshow&quot;,&quot;background_slideshow_gallery&quot;:[{&quot;id&quot;:440,&quot;url&quot;:&quot;https:\\\/\\\/tvovo.org\\\/portal\\\/sobrado\\\/wp-content\\\/uploads\\\/sites\\\/3\\\/2020\\\/10\\\/Sobrado-Centro-Cultural-F1-scaled-e1605896458881.jpg&quot;}],&quot;background_slideshow_loop&quot;:&quot;yes&quot;,&quot;background_slideshow_slide_duration&quot;:5000,&quot;background_slideshow_slide_transition&quot;:&quot;fade&quot;,&quot;background_slideshow_transition_duration&quot;:500}\">\n\t\t\t\t\t\t\t<div class=\"elementor-background-overlay\"><\/div>\n\t\t\t\t\t\t\t<div class=\"elementor-container elementor-column-gap-default\">\n\t\t\t\t\t<div class=\"elementor-column elementor-col-100 elementor-top-column elementor-element elementor-element-1f1c224\" data-id=\"1f1c224\" data-element_type=\"column\" data-e-type=\"column\">\n\t\t\t<div class=\"elementor-widget-wrap\">\n\t\t\t\t\t\t\t<\/div>\n\t\t<\/div>\n\t\t\t\t\t<\/div>\n\t\t<\/section>\n\t\t\t\t<section class=\"elementor-section elementor-top-section elementor-element elementor-element-c62abde elementor-section-boxed elementor-section-height-default elementor-section-height-default\" data-id=\"c62abde\" data-element_type=\"section\" data-e-type=\"section\">\n\t\t\t\t\t\t<div class=\"elementor-container elementor-column-gap-default\">\n\t\t\t\t\t<div class=\"elementor-column elementor-col-100 elementor-top-column elementor-element elementor-element-5887ead9\" data-id=\"5887ead9\" data-element_type=\"column\" data-e-type=\"column\">\n\t\t\t<div class=\"elementor-widget-wrap elementor-element-populated\">\n\t\t\t\t\t\t<div class=\"elementor-element elementor-element-97aa791 elementor-widget elementor-widget-heading\" data-id=\"97aa791\" data-element_type=\"widget\" data-e-type=\"widget\" data-widget_type=\"heading.default\">\n\t\t\t\t<div class=\"elementor-widget-container\">\n\t\t\t\t\t<h2 class=\"elementor-heading-title elementor-size-default\">Cultura<\/h2>\t\t\t\t<\/div>\n\t\t\t\t<\/div>\n\t\t\t\t\t<\/div>\n\t\t<\/div>\n\t\t\t\t\t<\/div>\n\t\t<\/section>\n\t\t\t\t<section class=\"elementor-section elementor-top-section elementor-element elementor-element-ce671f1 elementor-section-boxed elementor-section-height-default elementor-section-height-default\" data-id=\"ce671f1\" data-element_type=\"section\" data-e-type=\"section\">\n\t\t\t\t\t\t<div class=\"elementor-container elementor-column-gap-default\">\n\t\t\t\t\t<div class=\"elementor-column elementor-col-100 elementor-top-column elementor-element elementor-element-5b4e66db\" data-id=\"5b4e66db\" data-element_type=\"column\" data-e-type=\"column\">\n\t\t\t<div class=\"elementor-widget-wrap elementor-element-populated\">\n\t\t\t\t\t\t<div class=\"elementor-element elementor-element-09dbea2 elementor-widget elementor-widget-spacer\" data-id=\"09dbea2\" data-element_type=\"widget\" data-e-type=\"widget\" data-widget_type=\"spacer.default\">\n\t\t\t\t<div class=\"elementor-widget-container\">\n\t\t\t\t\t\t\t<div class=\"elementor-spacer\">\n\t\t\t<div class=\"elementor-spacer-inner\"><\/div>\n\t\t<\/div>\n\t\t\t\t\t\t<\/div>\n\t\t\t\t<\/div>\n\t\t\t\t<section class=\"elementor-section elementor-inner-section elementor-element elementor-element-333b657 elementor-section-boxed elementor-section-height-default elementor-section-height-default\" data-id=\"333b657\" data-element_type=\"section\" data-e-type=\"section\">\n\t\t\t\t\t\t<div class=\"elementor-container elementor-column-gap-default\">\n\t\t\t\t\t<div class=\"elementor-column elementor-col-50 elementor-inner-column elementor-element elementor-element-1c4d11e7\" data-id=\"1c4d11e7\" data-element_type=\"column\" data-e-type=\"column\">\n\t\t\t<div class=\"elementor-widget-wrap elementor-element-populated\">\n\t\t\t\t\t\t<div class=\"elementor-element elementor-element-6da96879 elementor-widget elementor-widget-image\" data-id=\"6da96879\" data-element_type=\"widget\" data-e-type=\"widget\" data-widget_type=\"image.default\">\n\t\t\t\t<div class=\"elementor-widget-container\">\n\t\t\t\t\t\t\t\t\t\t\t\t<figure class=\"wp-caption\">\n\t\t\t\t\t\t\t\t\t\t<img fetchpriority=\"high\" decoding=\"async\" width=\"1024\" height=\"732\" src=\"https:\/\/tvovo.org\/portal\/sobrado\/wp-content\/uploads\/sites\/3\/2021\/10\/Sobrado-01-cafe-1024x732.jpg\" class=\"attachment-large size-large wp-image-2139\" alt=\"\" srcset=\"https:\/\/tvovo.org\/portal\/sobrado\/wp-content\/uploads\/sites\/3\/2021\/10\/Sobrado-01-cafe-1024x732.jpg 1024w, https:\/\/tvovo.org\/portal\/sobrado\/wp-content\/uploads\/sites\/3\/2021\/10\/Sobrado-01-cafe-300x214.jpg 300w, https:\/\/tvovo.org\/portal\/sobrado\/wp-content\/uploads\/sites\/3\/2021\/10\/Sobrado-01-cafe-768x549.jpg 768w, https:\/\/tvovo.org\/portal\/sobrado\/wp-content\/uploads\/sites\/3\/2021\/10\/Sobrado-01-cafe-1536x1098.jpg 1536w, https:\/\/tvovo.org\/portal\/sobrado\/wp-content\/uploads\/sites\/3\/2021\/10\/Sobrado-01-cafe-2048x1464.jpg 2048w\" sizes=\"(max-width: 1024px) 100vw, 1024px\" \/>\t\t\t\t\t\t\t\t\t\t\t<figcaption class=\"widget-image-caption wp-caption-text\">Projeto do caf\u00e9 cultural e da Biblioteca do Audiovisual S\u00e9rgio de Assis Brasil<\/figcaption>\n\t\t\t\t\t\t\t\t\t\t<\/figure>\n\t\t\t\t\t\t\t\t\t<\/div>\n\t\t\t\t<\/div>\n\t\t\t\t<div class=\"elementor-element elementor-element-70bb421 elementor-widget elementor-widget-image\" data-id=\"70bb421\" data-element_type=\"widget\" data-e-type=\"widget\" data-widget_type=\"image.default\">\n\t\t\t\t<div class=\"elementor-widget-container\">\n\t\t\t\t\t\t\t\t\t\t\t\t<figure class=\"wp-caption\">\n\t\t\t\t\t\t\t\t\t\t<img decoding=\"async\" width=\"999\" height=\"709\" src=\"https:\/\/tvovo.org\/portal\/sobrado\/wp-content\/uploads\/sites\/3\/2021\/10\/sala-exposicoes.jpeg\" class=\"attachment-large size-large wp-image-2157\" alt=\"\" srcset=\"https:\/\/tvovo.org\/portal\/sobrado\/wp-content\/uploads\/sites\/3\/2021\/10\/sala-exposicoes.jpeg 999w, https:\/\/tvovo.org\/portal\/sobrado\/wp-content\/uploads\/sites\/3\/2021\/10\/sala-exposicoes-300x213.jpeg 300w, https:\/\/tvovo.org\/portal\/sobrado\/wp-content\/uploads\/sites\/3\/2021\/10\/sala-exposicoes-768x545.jpeg 768w\" sizes=\"(max-width: 999px) 100vw, 999px\" \/>\t\t\t\t\t\t\t\t\t\t\t<figcaption class=\"widget-image-caption wp-caption-text\">Projeto da sala que abrigar\u00e1 cineclube, exposi\u00e7\u00f5es, encontros e forma\u00e7\u00f5es<\/figcaption>\n\t\t\t\t\t\t\t\t\t\t<\/figure>\n\t\t\t\t\t\t\t\t\t<\/div>\n\t\t\t\t<\/div>\n\t\t\t\t\t<\/div>\n\t\t<\/div>\n\t\t\t\t<div class=\"elementor-column elementor-col-50 elementor-inner-column elementor-element elementor-element-52f96cab\" data-id=\"52f96cab\" data-element_type=\"column\" data-e-type=\"column\">\n\t\t\t<div class=\"elementor-widget-wrap elementor-element-populated\">\n\t\t\t\t\t\t<div class=\"elementor-element elementor-element-33b5541 elementor-widget elementor-widget-text-editor\" data-id=\"33b5541\" data-element_type=\"widget\" data-e-type=\"widget\" data-widget_type=\"text-editor.default\">\n\t\t\t\t<div class=\"elementor-widget-container\">\n\t\t\t\t\t\t\t\t\t<p>O casar\u00e3o localizado na esquina da Rua Floriano Peixoto com a Rua Coronel Ernesto Becker foi erguido em 1916, a pedido de Evandro Ribeiro, um engenheiro civil,\u00a0 professor e poeta. Constru\u00eddo no apogeu da via\u00e7\u00e3o f\u00e9rrea, integrava uma das \u00e1reas nobres da cidade, paralela \u00e0 ent\u00e3o Avenida Progresso, principal avenida da \u00e9poca, atualmente chamada de Avenida Rio Branco.\u00a0<\/p><p>Espa\u00e7o de saraus liter\u00e1rios e intensa movimenta\u00e7\u00e3o cultural, a casa carrega marcas e s\u00edmbolos, trazendo na sua fisionomia parte dos anseios da sociedade da \u00e9poca, o que a leva a ser mem\u00f3ria cultural e arquitet\u00f4nica do pa\u00eds.<\/p><p>Sabendo da import\u00e2ncia de manter viva a mem\u00f3ria da cidade, um coletivo de pessoas formado por arquitetos, engenheiros e produtores culturais trabalhou na concep\u00e7\u00e3o do projeto Sobrado Centro Cultural. Em 2012, iniciou-se o desenvolvimento dos projetos arquitet\u00f4nicos e complementares para a realiza\u00e7\u00e3o de uma interven\u00e7\u00e3o de constru\u00e7\u00e3o e restaura\u00e7\u00e3o. Em 2018, a casa, de 1916, integrante do Ecletismo, e a fachada do galp\u00e3o anexo, de 1940, representativo do movimento Art D\u00e9co, foram tombados como patrim\u00f4nio hist\u00f3rico e cultural do munic\u00edpio de Santa Maria (decreto executivo n\u00ba 99, 30 de agosto de 2018) a pedido da TV OVO, atual propriet\u00e1ria do im\u00f3vel (leia sobre as caracter\u00edsticas na aba <a href=\"https:\/\/tvovo.org\/portal\/sobrado\/arquitetura\/\">ARQUITETURA<\/a>).<\/p><p>O levantamento de informa\u00e7\u00f5es sobre o casar\u00e3o e as plantas projetadas foram material para a cria\u00e7\u00e3o do livro <a href=\"https:\/\/cesma.com.br\/loja\/produto\/1361\/lele-joao-de-barro-arquiteto-de-historia.html\"><em>Lel\u00e9 Jo\u00e3o-de-barro: arquiteto de hist\u00f3rias<\/em><\/a>, lan\u00e7ado na Feira do Livro em 2019, de autoria de Clarissa Pereira, Daniel Pereyron e Neli Mombelli.\u00a0 O livro, indicado para crian\u00e7as de 4 a 9 anos, incentiva a educa\u00e7\u00e3o patrimonial\u00a0 \u00e9 uma proposta para que elas se apropriem da cidade onde vivem e elaboram v\u00ednculos afetivos. <\/p><p>A fase 1 do projeto,\u00a0 em capta\u00e7\u00e3o pela LIC-RS, \u00e9 apenas uma parte do complexo de cultura que o espa\u00e7o abrigar\u00e1 (leia mais na aba <a href=\"https:\/\/tvovo.org\/portal\/sobrado\/apoie\/\">APOIE<\/a>). Pela concep\u00e7\u00e3o original, o casar\u00e3o ser\u00e1 destinado para a frui\u00e7\u00e3o cultural, promovendo atividades diversas para a comunidade, muitas de forma gratuita.<\/p><p>O local abrigar\u00e1 uma sala de cineclube, espa\u00e7o para exposi\u00e7\u00f5es de artes pl\u00e1sticas e fotografia, e a biblioteca do audiovisual S\u00e9rgio de Assis Brasil, com um acervo de livros e filmes com acesso gratuito. No pr\u00e9dio anexo, refor\u00e7ando que estamos citando a ideia do projeto completo, os est\u00fadios de produ\u00e7\u00e3o audiovisual e de grava\u00e7\u00e3o de som, al\u00e9m das salas de aula e laborat\u00f3rios de edi\u00e7\u00e3o e finaliza\u00e7\u00e3o foram pensados para garantir recursos financeiros para a sustentabilidade do centro cultural, por meio de loca\u00e7\u00f5es para terceiros e cursos pagos oferecidos para a comunidade.\u00a0<\/p><p>\u00a0O Sobrado Centro Cultural est\u00e1 sendo preparado para marcar a produ\u00e7\u00e3o cultural de Santa Maria e regi\u00e3o.<\/p><p><span style=\"font-size: 12pt;font-family: Roboto,sans-serif;color: #000000;background-color: transparent;font-weight: 400;font-style: normal;font-variant: normal;text-decoration: none;vertical-align: baseline\">\u00a0<\/span><\/p><p><span style=\"font-size: 12pt;font-family: Roboto,sans-serif;color: #000000;background-color: transparent;font-weight: 400;font-style: normal;font-variant: normal;text-decoration: none;vertical-align: baseline\">\u00a0<\/span><\/p>\t\t\t\t\t\t\t\t<\/div>\n\t\t\t\t<\/div>\n\t\t\t\t\t<\/div>\n\t\t<\/div>\n\t\t\t\t\t<\/div>\n\t\t<\/section>\n\t\t\t\t<div class=\"elementor-element elementor-element-ddf03b7 elementor-widget-divider--view-line elementor-widget elementor-widget-divider\" data-id=\"ddf03b7\" data-element_type=\"widget\" data-e-type=\"widget\" data-widget_type=\"divider.default\">\n\t\t\t\t<div class=\"elementor-widget-container\">\n\t\t\t\t\t\t\t<div class=\"elementor-divider\">\n\t\t\t<span class=\"elementor-divider-separator\">\n\t\t\t\t\t\t<\/span>\n\t\t<\/div>\n\t\t\t\t\t\t<\/div>\n\t\t\t\t<\/div>\n\t\t\t\t<section class=\"elementor-section elementor-inner-section elementor-element elementor-element-175401be elementor-section-boxed elementor-section-height-default elementor-section-height-default\" data-id=\"175401be\" data-element_type=\"section\" data-e-type=\"section\">\n\t\t\t\t\t\t<div class=\"elementor-container elementor-column-gap-default\">\n\t\t\t\t\t<div class=\"elementor-column elementor-col-100 elementor-inner-column elementor-element elementor-element-73568262\" data-id=\"73568262\" data-element_type=\"column\" data-e-type=\"column\">\n\t\t\t<div class=\"elementor-widget-wrap\">\n\t\t\t\t\t\t\t<\/div>\n\t\t<\/div>\n\t\t\t\t\t<\/div>\n\t\t<\/section>\n\t\t\t\t\t<\/div>\n\t\t<\/div>\n\t\t\t\t\t<\/div>\n\t\t<\/section>\n\t\t\t\t<section class=\"elementor-section elementor-top-section elementor-element elementor-element-1229161e elementor-section-boxed elementor-section-height-default elementor-section-height-default\" data-id=\"1229161e\" data-element_type=\"section\" data-e-type=\"section\">\n\t\t\t\t\t\t<div class=\"elementor-container elementor-column-gap-default\">\n\t\t\t\t\t<div class=\"elementor-column elementor-col-100 elementor-top-column elementor-element elementor-element-5e667931\" data-id=\"5e667931\" data-element_type=\"column\" data-e-type=\"column\">\n\t\t\t<div class=\"elementor-widget-wrap\">\n\t\t\t\t\t\t\t<\/div>\n\t\t<\/div>\n\t\t\t\t\t<\/div>\n\t\t<\/section>\n\t\t\t\t<\/div>\n\t\t","protected":false},"excerpt":{"rendered":"<p>Cultura Projeto do caf\u00e9 cultural e da Biblioteca do Audiovisual S\u00e9rgio de Assis Brasil Projeto da sala que abrigar\u00e1 cineclube, exposi\u00e7\u00f5es, encontros e forma\u00e7\u00f5es O casar\u00e3o localizado na esquina da Rua Floriano Peixoto com a Rua Coronel Ernesto Becker foi erguido em 1916, a pedido de Evandro Ribeiro, um engenheiro civil,\u00a0 professor e poeta. Constru\u00eddo&hellip;&nbsp;<a href=\"https:\/\/tvovo.org\/portal\/sobrado\/cultura\/\" rel=\"bookmark\">Continue a ler &raquo;<span class=\"screen-reader-text\">Cultura<\/span><\/a><\/p>\n","protected":false},"author":1,"featured_media":545,"parent":0,"menu_order":0,"comment_status":"closed","ping_status":"closed","template":"","meta":{"neve_meta_sidebar":"full-width","neve_meta_container":"","neve_meta_enable_content_width":"on","neve_meta_content_width":100,"neve_meta_title_alignment":"","neve_meta_author_avatar":"","neve_post_elements_order":"","neve_meta_disable_header":"","neve_meta_disable_footer":"","neve_meta_disable_title":"","footnotes":""},"class_list":["post-750","page","type-page","status-publish","has-post-thumbnail","hentry"],"_links":{"self":[{"href":"https:\/\/tvovo.org\/portal\/sobrado\/wp-json\/wp\/v2\/pages\/750","targetHints":{"allow":["GET"]}}],"collection":[{"href":"https:\/\/tvovo.org\/portal\/sobrado\/wp-json\/wp\/v2\/pages"}],"about":[{"href":"https:\/\/tvovo.org\/portal\/sobrado\/wp-json\/wp\/v2\/types\/page"}],"author":[{"embeddable":true,"href":"https:\/\/tvovo.org\/portal\/sobrado\/wp-json\/wp\/v2\/users\/1"}],"replies":[{"embeddable":true,"href":"https:\/\/tvovo.org\/portal\/sobrado\/wp-json\/wp\/v2\/comments?post=750"}],"version-history":[{"count":0,"href":"https:\/\/tvovo.org\/portal\/sobrado\/wp-json\/wp\/v2\/pages\/750\/revisions"}],"wp:featuredmedia":[{"embeddable":true,"href":"https:\/\/tvovo.org\/portal\/sobrado\/wp-json\/wp\/v2\/media\/545"}],"wp:attachment":[{"href":"https:\/\/tvovo.org\/portal\/sobrado\/wp-json\/wp\/v2\/media?parent=750"}],"curies":[{"name":"wp","href":"https:\/\/api.w.org\/{rel}","templated":true}]}}