{"id":48,"date":"2012-01-09T12:21:40","date_gmt":"2012-01-09T14:21:40","guid":{"rendered":"http:\/\/sobradocentrocultural.wordpress.com\/?page_id=48"},"modified":"2024-12-19T14:09:08","modified_gmt":"2024-12-19T17:09:08","slug":"projeto","status":"publish","type":"page","link":"https:\/\/tvovo.org\/portal\/sobrado\/projeto\/","title":{"rendered":"Projeto"},"content":{"rendered":"\t\t<div data-elementor-type=\"wp-page\" data-elementor-id=\"48\" class=\"elementor elementor-48\" data-elementor-post-type=\"page\">\n\t\t\t\t\t\t<section class=\"elementor-section elementor-top-section elementor-element elementor-element-267c22e8 elementor-section-height-min-height elementor-section-stretched elementor-section-boxed elementor-section-height-default elementor-section-items-middle\" data-id=\"267c22e8\" data-element_type=\"section\" data-e-type=\"section\" data-settings=\"{&quot;stretch_section&quot;:&quot;section-stretched&quot;,&quot;background_background&quot;:&quot;slideshow&quot;,&quot;background_slideshow_gallery&quot;:[{&quot;id&quot;:&quot;440&quot;,&quot;url&quot;:&quot;https:\\\/\\\/tvovo.org\\\/portal\\\/sobrado\\\/wp-content\\\/uploads\\\/sites\\\/3\\\/2020\\\/10\\\/Sobrado-Centro-Cultural-F1-scaled-e1605896458881.jpg&quot;}],&quot;background_slideshow_ken_burns&quot;:&quot;yes&quot;,&quot;background_slideshow_ken_burns_zoom_direction&quot;:&quot;out&quot;,&quot;background_slideshow_slide_duration&quot;:5000,&quot;background_slideshow_slide_transition&quot;:&quot;fade&quot;,&quot;background_slideshow_transition_duration&quot;:500}\">\n\t\t\t\t\t\t\t<div class=\"elementor-background-overlay\"><\/div>\n\t\t\t\t\t\t\t<div class=\"elementor-container elementor-column-gap-default\">\n\t\t\t\t\t<div class=\"elementor-column elementor-col-100 elementor-top-column elementor-element elementor-element-1365e0ee\" data-id=\"1365e0ee\" data-element_type=\"column\" data-e-type=\"column\" data-settings=\"{&quot;background_background&quot;:&quot;slideshow&quot;,&quot;background_slideshow_gallery&quot;:[],&quot;background_slideshow_slide_duration&quot;:5000,&quot;background_slideshow_slide_transition&quot;:&quot;fade&quot;,&quot;background_slideshow_transition_duration&quot;:500}\">\n\t\t\t<div class=\"elementor-widget-wrap\">\n\t\t\t\t\t\t\t<\/div>\n\t\t<\/div>\n\t\t\t\t\t<\/div>\n\t\t<\/section>\n\t\t\t\t<section class=\"elementor-section elementor-top-section elementor-element elementor-element-6df957bc elementor-section-boxed elementor-section-height-default elementor-section-height-default\" data-id=\"6df957bc\" data-element_type=\"section\" data-e-type=\"section\">\n\t\t\t\t\t\t<div class=\"elementor-container elementor-column-gap-default\">\n\t\t\t\t\t<div class=\"elementor-column elementor-col-100 elementor-top-column elementor-element elementor-element-1915b6d0\" data-id=\"1915b6d0\" data-element_type=\"column\" data-e-type=\"column\">\n\t\t\t<div class=\"elementor-widget-wrap elementor-element-populated\">\n\t\t\t\t\t\t<div class=\"elementor-element elementor-element-566ca43c elementor-widget elementor-widget-heading\" data-id=\"566ca43c\" data-element_type=\"widget\" data-e-type=\"widget\" data-widget_type=\"heading.default\">\n\t\t\t\t<div class=\"elementor-widget-container\">\n\t\t\t\t\t<h2 class=\"elementor-heading-title elementor-size-default\">Projeto<\/h2>\t\t\t\t<\/div>\n\t\t\t\t<\/div>\n\t\t\t\t\t<\/div>\n\t\t<\/div>\n\t\t\t\t\t<\/div>\n\t\t<\/section>\n\t\t\t\t<section class=\"elementor-section elementor-top-section elementor-element elementor-element-860e679 elementor-section-boxed elementor-section-height-default elementor-section-height-default\" data-id=\"860e679\" data-element_type=\"section\" data-e-type=\"section\">\n\t\t\t\t\t\t<div class=\"elementor-container elementor-column-gap-default\">\n\t\t\t\t\t<div class=\"elementor-column elementor-col-100 elementor-top-column elementor-element elementor-element-57e923d2\" data-id=\"57e923d2\" data-element_type=\"column\" data-e-type=\"column\">\n\t\t\t<div class=\"elementor-widget-wrap elementor-element-populated\">\n\t\t\t\t\t\t<div class=\"elementor-element elementor-element-6c7e4bd elementor-widget elementor-widget-spacer\" data-id=\"6c7e4bd\" data-element_type=\"widget\" data-e-type=\"widget\" data-widget_type=\"spacer.default\">\n\t\t\t\t<div class=\"elementor-widget-container\">\n\t\t\t\t\t\t\t<div class=\"elementor-spacer\">\n\t\t\t<div class=\"elementor-spacer-inner\"><\/div>\n\t\t<\/div>\n\t\t\t\t\t\t<\/div>\n\t\t\t\t<\/div>\n\t\t\t\t<section class=\"elementor-section elementor-inner-section elementor-element elementor-element-44cdac09 elementor-section-boxed elementor-section-height-default elementor-section-height-default\" data-id=\"44cdac09\" data-element_type=\"section\" data-e-type=\"section\">\n\t\t\t\t\t\t<div class=\"elementor-container elementor-column-gap-default\">\n\t\t\t\t\t<div class=\"elementor-column elementor-col-50 elementor-inner-column elementor-element elementor-element-4b554aba\" data-id=\"4b554aba\" data-element_type=\"column\" data-e-type=\"column\">\n\t\t\t<div class=\"elementor-widget-wrap elementor-element-populated\">\n\t\t\t\t\t\t<div class=\"elementor-element elementor-element-44e00170 elementor-widget elementor-widget-image\" data-id=\"44e00170\" data-element_type=\"widget\" data-e-type=\"widget\" data-widget_type=\"image.default\">\n\t\t\t\t<div class=\"elementor-widget-container\">\n\t\t\t\t\t\t\t\t\t\t\t\t\t\t\t<img fetchpriority=\"high\" decoding=\"async\" width=\"768\" height=\"718\" src=\"https:\/\/tvovo.org\/portal\/sobrado\/wp-content\/uploads\/sites\/3\/2020\/11\/TELHADO_site-768x718-1.jpg\" class=\"attachment-large size-large wp-image-721\" alt=\"\" srcset=\"https:\/\/tvovo.org\/portal\/sobrado\/wp-content\/uploads\/sites\/3\/2020\/11\/TELHADO_site-768x718-1.jpg 768w, https:\/\/tvovo.org\/portal\/sobrado\/wp-content\/uploads\/sites\/3\/2020\/11\/TELHADO_site-768x718-1-300x280.jpg 300w\" sizes=\"(max-width: 768px) 100vw, 768px\" \/>\t\t\t\t\t\t\t\t\t\t\t\t\t\t\t<\/div>\n\t\t\t\t<\/div>\n\t\t\t\t\t<\/div>\n\t\t<\/div>\n\t\t\t\t<div class=\"elementor-column elementor-col-50 elementor-inner-column elementor-element elementor-element-7f0f9613\" data-id=\"7f0f9613\" data-element_type=\"column\" data-e-type=\"column\">\n\t\t\t<div class=\"elementor-widget-wrap elementor-element-populated\">\n\t\t\t\t\t\t<div class=\"elementor-element elementor-element-1f0df26b elementor-widget elementor-widget-text-editor\" data-id=\"1f0df26b\" data-element_type=\"widget\" data-e-type=\"widget\" data-widget_type=\"text-editor.default\">\n\t\t\t\t<div class=\"elementor-widget-container\">\n\t\t\t\t\t\t\t\t\t<p>O projeto Sobrado Centro Cultural tem como objetivo restaurar o casar\u00e3o de 1916 em ru\u00ednas que fica na Rua Floriano Peixoto esquina com a Ernesto Becker, em Santa Maria. A proposta em curso busca transformar o sobrado e o galp\u00e3o anexo em um centro voltado para a cultura e express\u00f5es art\u00edsticas.<\/p>\n<p>O projeto d\u00e1 \u00eanfase para o audiovisual, no entanto, se entrela\u00e7a com todas as formas de produ\u00e7\u00e3o da arte. No casar\u00e3o haver\u00e1, no primeiro andar, um caf\u00e9 cultural para socializar saberes, debates e artes durante o happy hour. Ter\u00e1 ainda a Biblioteca do Audiovisual S\u00e9rgio de Assis Brasil, com acervo de livros e filmes de acesso gratuito para a popula\u00e7\u00e3o; e o museu da imagem e do som, com acesso aos materiais brutos produzidos pela TV OVO ao longo dos anos e que \u00e9 constantemente alimentado pelas novas produ\u00e7\u00f5es realizadas. J\u00e1 no segundo ser\u00e1 uma sala de cinema com programa\u00e7\u00e3o cont\u00ednua voltada para lan\u00e7amentos nacionais. <br><\/p>\n<p>O Sobrado Centro Cultural ir\u00e1 fomentar o estudo, a discuss\u00e3o e a produ\u00e7\u00e3o audiovisual sobretudo no pr\u00e9dio anexo. L\u00e1, al\u00e9m de o segundo andar abrigar a sede da TV OVO, o terceiro andar ser\u00e1 espa\u00e7o para oficinas, workshops e coworking.<\/p>\n<p>E no primeiro pavimento estar\u00e1 um est\u00fadio para produ\u00e7\u00f5es de cinema e TV, que tamb\u00e9m poder\u00e1 ser utilizado para espet\u00e1culos, shows e saraus. E no subsolo haver\u00e1 outros dois est\u00fadios menores, um para pequenas produ\u00e7\u00f5es audiovisuais e outro mais voltado para a produ\u00e7\u00e3o sonora.<\/p>\n<p>Este projeto s\u00f3 est\u00e1 sendo poss\u00edvel porque o jornalista santa-mariense Marcelo Canellas come\u00e7ou a sonhar ao ver o sobrado e acreditou na capacidade da TV OVO de materializar essa ideia. Por isso, ele fez a doa\u00e7\u00e3o do im\u00f3vel nos 20 anos da associa\u00e7\u00e3o, em 2016. Al\u00e9m dele, esse sonho segue vivo porque h\u00e1 muitos profissionais que dedicam seu talento e seu tempo a ele. Al\u00e9m da equipe da TV OVO, est\u00e3o nessa empreitada os escrit\u00f3rios Q_Arts Arquitetura, Box Studio Arquitetura e Simult\u00e2nea Engenharia, al\u00e9m de colaboradores e estagi\u00e1rios eventuais.<\/p>\t\t\t\t\t\t\t\t<\/div>\n\t\t\t\t<\/div>\n\t\t\t\t\t<\/div>\n\t\t<\/div>\n\t\t\t\t\t<\/div>\n\t\t<\/section>\n\t\t\t\t\t<\/div>\n\t\t<\/div>\n\t\t\t\t\t<\/div>\n\t\t<\/section>\n\t\t\t\t<section class=\"elementor-section elementor-top-section elementor-element elementor-element-b524d17 elementor-section-boxed elementor-section-height-default elementor-section-height-default\" data-id=\"b524d17\" data-element_type=\"section\" data-e-type=\"section\">\n\t\t\t\t\t\t<div class=\"elementor-container elementor-column-gap-default\">\n\t\t\t\t\t<div class=\"elementor-column elementor-col-100 elementor-top-column elementor-element elementor-element-7101f29\" data-id=\"7101f29\" data-element_type=\"column\" data-e-type=\"column\">\n\t\t\t<div class=\"elementor-widget-wrap elementor-element-populated\">\n\t\t\t\t\t\t<div class=\"elementor-element elementor-element-e85ca05 elementor-widget elementor-widget-spacer\" data-id=\"e85ca05\" data-element_type=\"widget\" data-e-type=\"widget\" data-widget_type=\"spacer.default\">\n\t\t\t\t<div class=\"elementor-widget-container\">\n\t\t\t\t\t\t\t<div class=\"elementor-spacer\">\n\t\t\t<div class=\"elementor-spacer-inner\"><\/div>\n\t\t<\/div>\n\t\t\t\t\t\t<\/div>\n\t\t\t\t<\/div>\n\t\t\t\t\t<\/div>\n\t\t<\/div>\n\t\t\t\t\t<\/div>\n\t\t<\/section>\n\t\t\t\t<\/div>\n\t\t","protected":false},"excerpt":{"rendered":"<p>Projeto O projeto Sobrado Centro Cultural tem como objetivo restaurar o casar\u00e3o de 1916 em ru\u00ednas que fica na Rua Floriano Peixoto esquina com a Ernesto Becker, em Santa Maria. A proposta em curso busca transformar o sobrado e o galp\u00e3o anexo em um centro voltado para a cultura e express\u00f5es art\u00edsticas. O projeto d\u00e1&hellip;&nbsp;<a href=\"https:\/\/tvovo.org\/portal\/sobrado\/projeto\/\" rel=\"bookmark\">Continue a ler &raquo;<span class=\"screen-reader-text\">Projeto<\/span><\/a><\/p>\n","protected":false},"author":1,"featured_media":545,"parent":0,"menu_order":1,"comment_status":"open","ping_status":"open","template":"elementor_header_footer","meta":{"neve_meta_sidebar":"","neve_meta_container":"","neve_meta_enable_content_width":"","neve_meta_content_width":0,"neve_meta_title_alignment":"","neve_meta_author_avatar":"","neve_post_elements_order":"","neve_meta_disable_header":"","neve_meta_disable_footer":"","neve_meta_disable_title":"","footnotes":""},"class_list":["post-48","page","type-page","status-publish","has-post-thumbnail","hentry"],"_links":{"self":[{"href":"https:\/\/tvovo.org\/portal\/sobrado\/wp-json\/wp\/v2\/pages\/48","targetHints":{"allow":["GET"]}}],"collection":[{"href":"https:\/\/tvovo.org\/portal\/sobrado\/wp-json\/wp\/v2\/pages"}],"about":[{"href":"https:\/\/tvovo.org\/portal\/sobrado\/wp-json\/wp\/v2\/types\/page"}],"author":[{"embeddable":true,"href":"https:\/\/tvovo.org\/portal\/sobrado\/wp-json\/wp\/v2\/users\/1"}],"replies":[{"embeddable":true,"href":"https:\/\/tvovo.org\/portal\/sobrado\/wp-json\/wp\/v2\/comments?post=48"}],"version-history":[{"count":0,"href":"https:\/\/tvovo.org\/portal\/sobrado\/wp-json\/wp\/v2\/pages\/48\/revisions"}],"wp:featuredmedia":[{"embeddable":true,"href":"https:\/\/tvovo.org\/portal\/sobrado\/wp-json\/wp\/v2\/media\/545"}],"wp:attachment":[{"href":"https:\/\/tvovo.org\/portal\/sobrado\/wp-json\/wp\/v2\/media?parent=48"}],"curies":[{"name":"wp","href":"https:\/\/api.w.org\/{rel}","templated":true}]}}